{"id":151,"date":"2020-06-19T12:36:37","date_gmt":"2020-06-19T12:36:37","guid":{"rendered":"http:\/\/xn--perfectpartygrion-txb.es\/?page_id=151"},"modified":"2021-07-07T10:10:17","modified_gmt":"2021-07-07T10:10:17","slug":"covid-19","status":"publish","type":"page","link":"https:\/\/xn--perfectpartygrion-txb.es\/index.php\/covid-19\/","title":{"rendered":"COVID-19"},"content":{"rendered":"\n<div class=\"row\"  id=\"row-1024313383\">\n\n<div class=\"col medium-8 small-12 large-8\"  ><div class=\"col-inner\"  >\n\n<p>En<strong> Perfect Party<\/strong> queremos que todos disfruten y celebren sus eventos de la forma m\u00e1s segura.<\/p>\n<p>El local se <strong>limpia despu\u00e9s de cada evento<\/strong> con desinfectante a base de alcohol.<\/p>\n<p>Tambi\u00e9n se realiza una<strong> desinfecci\u00f3n<\/strong> completa <strong>de todas las superficies<\/strong> y de los juegos.<\/p>\n<p>Disponemos de una <strong>soluci\u00f3n hidroalcoh\u00f3lica<\/strong> para extremar las medidas de higiene entre los invitados.<\/p>\n<p>Tenemos una <strong>alfombra desinfectante<\/strong> de calzado.<\/p>\n<p><strong>IMPORTANTE<\/strong><\/p>\n<p>Nuestro aforo se adaptar\u00e1 seg\u00fan las medidas indicadas en cada momento por el estado, garantizando as\u00ed una fiesta segura para todos<\/p>\n\n<\/div><\/div>\n<div class=\"col medium-4 small-12 large-4\"  ><div class=\"col-inner\"  >\n\n\t<div class=\"img has-hover x md-x lg-x y md-y lg-y\" id=\"image_586158042\">\n\t\t\t\t\t\t\t\t<div class=\"img-inner dark\" >\n\t\t\t<img width=\"768\" height=\"1024\" src=\"https:\/\/xn--perfectpartygrion-txb.es\/wp-content\/uploads\/2021\/07\/WhatsApp-Image-2021-07-05-at-20.54.02.jpeg\" class=\"attachment-large size-large\" alt=\"\" loading=\"lazy\" srcset=\"https:\/\/xn--perfectpartygrion-txb.es\/wp-content\/uploads\/2021\/07\/WhatsApp-Image-2021-07-05-at-20.54.02.jpeg 768w, https:\/\/xn--perfectpartygrion-txb.es\/wp-content\/uploads\/2021\/07\/WhatsApp-Image-2021-07-05-at-20.54.02-225x300.jpeg 225w\" sizes=\"(max-width: 768px) 100vw, 768px\" \/>\t\t\t\t\t\t\n\t\t\t\t\t<\/div>\n\t\t\t\t\t\t\t\t\n<style scope=\"scope\">\n\n#image_586158042 {\n  width: 100%;\n}\n<\/style>\n\t<\/div>\n\t\n\n\n<\/div><\/div>\n\n<\/div>\n\n","protected":false},"excerpt":{"rendered":"","protected":false},"author":1,"featured_media":0,"parent":0,"menu_order":0,"comment_status":"closed","ping_status":"closed","template":"","meta":[],"yoast_head":"<!-- This site is optimized with the Yoast SEO plugin v14.3 - https:\/\/yoast.com\/wordpress\/plugins\/seo\/ -->\n<title>COVID-19 - local de fiestas y eventos<\/title>\n<meta name=\"robots\" content=\"index, follow\" \/>\n<meta name=\"googlebot\" content=\"index, follow, max-snippet:-1, max-image-preview:large, max-video-preview:-1\" \/>\n<meta name=\"bingbot\" content=\"index, follow, max-snippet:-1, max-image-preview:large, max-video-preview:-1\" \/>\n<link rel=\"canonical\" href=\"http:\/\/xn--perfectpartygrion-txb.es\/index.php\/covid-19\/\" \/>\n<meta property=\"og:locale\" content=\"es_ES\" \/>\n<meta property=\"og:type\" content=\"article\" \/>\n<meta property=\"og:title\" content=\"COVID-19 - local de fiestas y eventos\" \/>\n<meta property=\"og:url\" content=\"http:\/\/xn--perfectpartygrion-txb.es\/index.php\/covid-19\/\" \/>\n<meta property=\"og:site_name\" content=\"local de fiestas y eventos\" \/>\n<meta property=\"article:modified_time\" content=\"2021-07-07T10:10:17+00:00\" \/>\n<meta name=\"twitter:card\" content=\"summary_large_image\" \/>\n<script type=\"application\/ld+json\" class=\"yoast-schema-graph\">{\"@context\":\"https:\/\/schema.org\",\"@graph\":[{\"@type\":\"WebSite\",\"@id\":\"https:\/\/xn--perfectpartygrion-txb.es\/#website\",\"url\":\"https:\/\/xn--perfectpartygrion-txb.es\/\",\"name\":\"local de fiestas y eventos\",\"description\":\"\",\"potentialAction\":[{\"@type\":\"SearchAction\",\"target\":\"https:\/\/xn--perfectpartygrion-txb.es\/?s={search_term_string}\",\"query-input\":\"required name=search_term_string\"}],\"inLanguage\":\"es\"},{\"@type\":\"WebPage\",\"@id\":\"http:\/\/xn--perfectpartygrion-txb.es\/index.php\/covid-19\/#webpage\",\"url\":\"http:\/\/xn--perfectpartygrion-txb.es\/index.php\/covid-19\/\",\"name\":\"COVID-19 - local de fiestas y eventos\",\"isPartOf\":{\"@id\":\"https:\/\/xn--perfectpartygrion-txb.es\/#website\"},\"datePublished\":\"2020-06-19T12:36:37+00:00\",\"dateModified\":\"2021-07-07T10:10:17+00:00\",\"inLanguage\":\"es\",\"potentialAction\":[{\"@type\":\"ReadAction\",\"target\":[\"http:\/\/xn--perfectpartygrion-txb.es\/index.php\/covid-19\/\"]}]}]}<\/script>\n<!-- \/ Yoast SEO plugin. -->","_links":{"self":[{"href":"https:\/\/xn--perfectpartygrion-txb.es\/index.php\/wp-json\/wp\/v2\/pages\/151"}],"collection":[{"href":"https:\/\/xn--perfectpartygrion-txb.es\/index.php\/wp-json\/wp\/v2\/pages"}],"about":[{"href":"https:\/\/xn--perfectpartygrion-txb.es\/index.php\/wp-json\/wp\/v2\/types\/page"}],"author":[{"embeddable":true,"href":"https:\/\/xn--perfectpartygrion-txb.es\/index.php\/wp-json\/wp\/v2\/users\/1"}],"replies":[{"embeddable":true,"href":"https:\/\/xn--perfectpartygrion-txb.es\/index.php\/wp-json\/wp\/v2\/comments?post=151"}],"version-history":[{"count":3,"href":"https:\/\/xn--perfectpartygrion-txb.es\/index.php\/wp-json\/wp\/v2\/pages\/151\/revisions"}],"predecessor-version":[{"id":348,"href":"https:\/\/xn--perfectpartygrion-txb.es\/index.php\/wp-json\/wp\/v2\/pages\/151\/revisions\/348"}],"wp:attachment":[{"href":"https:\/\/xn--perfectpartygrion-txb.es\/index.php\/wp-json\/wp\/v2\/media?parent=151"}],"curies":[{"name":"wp","href":"https:\/\/api.w.org\/{rel}","templated":true}]}}